{"id":689,"date":"2016-10-09T12:47:09","date_gmt":"2016-10-09T16:47:09","guid":{"rendered":"http:\/\/lesloriots.ca\/Wordpress\/?page_id=689"},"modified":"2026-03-10T16:26:51","modified_gmt":"2026-03-10T20:26:51","slug":"concerts-et-prestations-a-venir","status":"publish","type":"page","link":"https:\/\/lesloriots.ca\/Wordpress\/concerts-et-prestations-a-venir\/","title":{"rendered":"Concert et prestation \u00e0 venir"},"content":{"rendered":"\n<p><\/p>\n\n\n\n<h3 class=\"wp-block-heading\"><strong>Concert printanier 2026<\/strong><\/h3>\n\n\n\n<p>Le vendredi 29 mai 2026, 20 h<\/p>\n\n\n\n<p>Th\u00e9\u00e2tre de la Cit\u00e9 universitaire<br>Pavillon Palasis-Prince<br>2325, rue de la Terrasse&nbsp;<br>Qu\u00e9bec (Qu\u00e9bec) G1V 0A6<\/p>\n\n\n\n<p><a href=\"https:\/\/www.google.ca\/maps\/place\/Th%C3%A9%C3%A2tre+de+la+Cit%C3%A9+universitaire\/@46.782431,-71.2767024,16.56z\/data=!4m5!3m4!1s0x0:0x95626b5e8e681ef9!8m2!3d46.782809!4d-71.274761\" target=\"_blank\" rel=\"noreferrer noopener\">(Carte Google)<\/a><\/p>\n\n\n\n<p>&#8212;&#8212;&#8212;&#8212;&#8212;&#8212;&#8212;&#8212;&#8212;&#8212;&#8212;<\/p>\n\n\n\n<p><\/p>\n","protected":false},"excerpt":{"rendered":"<p>Concert printanier 2026 Le vendredi 29 mai 2026, 20 h Th\u00e9\u00e2tre de la Cit\u00e9 universitairePavillon Palasis-Prince2325, rue de la Terrasse&nbsp;Qu\u00e9bec (Qu\u00e9bec) G1V 0A6 (Carte Google) &#8212;&#8212;&#8212;&#8212;&#8212;&#8212;&#8212;&#8212;&#8212;&#8212;&#8212;<\/p>\n","protected":false},"author":1,"featured_media":0,"parent":0,"menu_order":0,"comment_status":"closed","ping_status":"closed","template":"","meta":{"generate_page_header":"","footnotes":""},"class_list":["post-689","page","type-page","status-publish"],"_links":{"self":[{"href":"https:\/\/lesloriots.ca\/Wordpress\/wp-json\/wp\/v2\/pages\/689","targetHints":{"allow":["GET"]}}],"collection":[{"href":"https:\/\/lesloriots.ca\/Wordpress\/wp-json\/wp\/v2\/pages"}],"about":[{"href":"https:\/\/lesloriots.ca\/Wordpress\/wp-json\/wp\/v2\/types\/page"}],"author":[{"embeddable":true,"href":"https:\/\/lesloriots.ca\/Wordpress\/wp-json\/wp\/v2\/users\/1"}],"replies":[{"embeddable":true,"href":"https:\/\/lesloriots.ca\/Wordpress\/wp-json\/wp\/v2\/comments?post=689"}],"version-history":[{"count":109,"href":"https:\/\/lesloriots.ca\/Wordpress\/wp-json\/wp\/v2\/pages\/689\/revisions"}],"predecessor-version":[{"id":6422,"href":"https:\/\/lesloriots.ca\/Wordpress\/wp-json\/wp\/v2\/pages\/689\/revisions\/6422"}],"wp:attachment":[{"href":"https:\/\/lesloriots.ca\/Wordpress\/wp-json\/wp\/v2\/media?parent=689"}],"curies":[{"name":"wp","href":"https:\/\/api.w.org\/{rel}","templated":true}]}}