{"id":6259,"date":"2025-11-13T16:44:21","date_gmt":"2025-11-13T21:44:21","guid":{"rendered":"https:\/\/lesloriots.ca\/Wordpress\/?page_id=6259"},"modified":"2025-11-13T16:44:21","modified_gmt":"2025-11-13T21:44:21","slug":"or","status":"publish","type":"page","link":"https:\/\/lesloriots.ca\/Wordpress\/or\/","title":{"rendered":"Or"},"content":{"rendered":"\n<h3 class=\"wp-block-heading\">Extrait du feuillet du concert printanier 2025.<\/h3>\n\n\n\n<figure class=\"wp-block-table is-style-regular\"><table><tbody><tr><td>Accommodation Triolet<br>Andr\u00e9 Boucher CPA<br>Association des marchands d\u00e9panneurs et \u00e9piciers <br>    du Qu\u00e9bec (AMDEQ)<br>Clinique dentaire Jules-Verne \u2013 <br>    Dre Catherine Ouellet-Ch\u00e9nard<br>Clinique s\u00e9cheresse oculaire de Qu\u00e9bec <br>Complexe r\u00e9cr\u00e9atif VGolf<br>Serge Cossette<br>Garage M\u00e9caniqcue 2001<br>Gestion de patrimoine TD \u2013 Claude Par\u00e9 <br>Harmonia<br>Harmonie Audition \u2013 Myriam Brunel<\/td><td>IGA Coop de Ste-Foy<br>IG Gestion priv\u00e9e de patrimoine \u2013 Jean-Thomas M\u00e9nard<br>IG Gestion de patrimoine \u2013 Marc-Antoine Dion<br>Jason Gagnon Courtier The Agency <br>   Montr\u00e9al Agence immobili\u00e8re<br>Gaston Lafleur <br>Lobe R\u00e9seau Inc. <br>Maison Cap d\u2019Espoir<br>Pharmacie Annie Sanfa\u00e7on &amp; Marie-Claude Ouellet \u2013 <br>   Jean Coutu <br>Voyages Paradis<\/td><\/tr><\/tbody><\/table><\/figure>\n\n\n\n<h3 class=\"wp-block-heading\">Extrait de la vid\u00e9o projet\u00e9e lors du concert printanier 2025 (dans l&rsquo;ordre du feuillet)<\/h3>\n\n\n\n<figure class=\"wp-block-video\"><video height=\"1080\" style=\"aspect-ratio: 1920 \/ 1080;\" width=\"1920\" controls src=\"https:\/\/lesloriots.ca\/Wordpress\/wp-content\/uploads\/2025\/11\/Loriots-Commandites-Or-2025.mov\"><\/video><\/figure>\n","protected":false},"excerpt":{"rendered":"<p>Extrait du feuillet du concert printanier 2025. Accommodation TrioletAndr\u00e9 Boucher CPAAssociation des marchands d\u00e9panneurs et \u00e9piciers du Qu\u00e9bec (AMDEQ)Clinique dentaire Jules-Verne \u2013 Dre Catherine Ouellet-Ch\u00e9nardClinique s\u00e9cheresse oculaire de Qu\u00e9bec Complexe r\u00e9cr\u00e9atif VGolfSerge CossetteGarage M\u00e9caniqcue 2001Gestion de patrimoine TD \u2013 Claude Par\u00e9 HarmoniaHarmonie Audition \u2013 Myriam Brunel IGA Coop de Ste-FoyIG Gestion priv\u00e9e de patrimoine \u2013 &#8230; <a title=\"Or\" class=\"read-more\" href=\"https:\/\/lesloriots.ca\/Wordpress\/or\/\" aria-label=\"En savoir plus sur Or\">Read more<\/a><\/p>\n","protected":false},"author":1,"featured_media":0,"parent":0,"menu_order":0,"comment_status":"closed","ping_status":"closed","template":"","meta":{"generate_page_header":"","footnotes":""},"class_list":["post-6259","page","type-page","status-publish"],"_links":{"self":[{"href":"https:\/\/lesloriots.ca\/Wordpress\/wp-json\/wp\/v2\/pages\/6259","targetHints":{"allow":["GET"]}}],"collection":[{"href":"https:\/\/lesloriots.ca\/Wordpress\/wp-json\/wp\/v2\/pages"}],"about":[{"href":"https:\/\/lesloriots.ca\/Wordpress\/wp-json\/wp\/v2\/types\/page"}],"author":[{"embeddable":true,"href":"https:\/\/lesloriots.ca\/Wordpress\/wp-json\/wp\/v2\/users\/1"}],"replies":[{"embeddable":true,"href":"https:\/\/lesloriots.ca\/Wordpress\/wp-json\/wp\/v2\/comments?post=6259"}],"version-history":[{"count":4,"href":"https:\/\/lesloriots.ca\/Wordpress\/wp-json\/wp\/v2\/pages\/6259\/revisions"}],"predecessor-version":[{"id":6264,"href":"https:\/\/lesloriots.ca\/Wordpress\/wp-json\/wp\/v2\/pages\/6259\/revisions\/6264"}],"wp:attachment":[{"href":"https:\/\/lesloriots.ca\/Wordpress\/wp-json\/wp\/v2\/media?parent=6259"}],"curies":[{"name":"wp","href":"https:\/\/api.w.org\/{rel}","templated":true}]}}