{"id":6243,"date":"2025-11-13T16:08:08","date_gmt":"2025-11-13T21:08:08","guid":{"rendered":"https:\/\/lesloriots.ca\/Wordpress\/?page_id=6243"},"modified":"2025-11-13T16:09:07","modified_gmt":"2025-11-13T21:09:07","slug":"diamant-2025","status":"publish","type":"page","link":"https:\/\/lesloriots.ca\/Wordpress\/diamant-2025\/","title":{"rendered":"Diamant"},"content":{"rendered":"\n<p>Extrait de la vid\u00e9o pr\u00e9sent\u00e9e lors du concert printanier 2025.<\/p>\n\n\n\n<figure class=\"wp-block-image size-large\"><img loading=\"lazy\" decoding=\"async\" width=\"1024\" height=\"535\" src=\"https:\/\/lesloriots.ca\/Wordpress\/wp-content\/uploads\/2025\/11\/Diamant-Jean-Coutu-1024x535.jpg\" alt=\"\" class=\"wp-image-6245\" srcset=\"https:\/\/lesloriots.ca\/Wordpress\/wp-content\/uploads\/2025\/11\/Diamant-Jean-Coutu-1024x535.jpg 1024w, https:\/\/lesloriots.ca\/Wordpress\/wp-content\/uploads\/2025\/11\/Diamant-Jean-Coutu-300x157.jpg 300w, https:\/\/lesloriots.ca\/Wordpress\/wp-content\/uploads\/2025\/11\/Diamant-Jean-Coutu-768x401.jpg 768w, https:\/\/lesloriots.ca\/Wordpress\/wp-content\/uploads\/2025\/11\/Diamant-Jean-Coutu.jpg 1468w\" sizes=\"auto, (max-width: 1024px) 100vw, 1024px\" \/><\/figure>\n\n\n\n<p><\/p>\n","protected":false},"excerpt":{"rendered":"<p>Extrait de la vid\u00e9o pr\u00e9sent\u00e9e lors du concert printanier 2025.<\/p>\n","protected":false},"author":1,"featured_media":0,"parent":0,"menu_order":0,"comment_status":"closed","ping_status":"closed","template":"","meta":{"generate_page_header":"","footnotes":""},"class_list":["post-6243","page","type-page","status-publish"],"_links":{"self":[{"href":"https:\/\/lesloriots.ca\/Wordpress\/wp-json\/wp\/v2\/pages\/6243","targetHints":{"allow":["GET"]}}],"collection":[{"href":"https:\/\/lesloriots.ca\/Wordpress\/wp-json\/wp\/v2\/pages"}],"about":[{"href":"https:\/\/lesloriots.ca\/Wordpress\/wp-json\/wp\/v2\/types\/page"}],"author":[{"embeddable":true,"href":"https:\/\/lesloriots.ca\/Wordpress\/wp-json\/wp\/v2\/users\/1"}],"replies":[{"embeddable":true,"href":"https:\/\/lesloriots.ca\/Wordpress\/wp-json\/wp\/v2\/comments?post=6243"}],"version-history":[{"count":3,"href":"https:\/\/lesloriots.ca\/Wordpress\/wp-json\/wp\/v2\/pages\/6243\/revisions"}],"predecessor-version":[{"id":6248,"href":"https:\/\/lesloriots.ca\/Wordpress\/wp-json\/wp\/v2\/pages\/6243\/revisions\/6248"}],"wp:attachment":[{"href":"https:\/\/lesloriots.ca\/Wordpress\/wp-json\/wp\/v2\/media?parent=6243"}],"curies":[{"name":"wp","href":"https:\/\/api.w.org\/{rel}","templated":true}]}}