{"id":4954,"date":"2024-05-27T10:40:32","date_gmt":"2024-05-27T14:40:32","guid":{"rendered":"https:\/\/lesloriots.ca\/Wordpress\/?page_id=4954"},"modified":"2025-11-13T16:08:50","modified_gmt":"2025-11-13T21:08:50","slug":"diamant-2024","status":"publish","type":"page","link":"https:\/\/lesloriots.ca\/Wordpress\/diamant-2024\/","title":{"rendered":"Diamant 2024"},"content":{"rendered":"\n<h3 class=\"wp-block-heading\">Extrait de la vid\u00e9o pr\u00e9sent\u00e9e lors du concert printanier 2024.<\/h3>\n\n\n\n<figure class=\"wp-block-image size-large\"><img loading=\"lazy\" decoding=\"async\" width=\"859\" height=\"1024\" src=\"https:\/\/lesloriots.ca\/Wordpress\/wp-content\/uploads\/2024\/05\/500-Pharmacie-Jean-Coutu-Pierre-Olivier-Sirois-pub-859x1024.jpg\" alt=\"\" class=\"wp-image-4955\" srcset=\"https:\/\/lesloriots.ca\/Wordpress\/wp-content\/uploads\/2024\/05\/500-Pharmacie-Jean-Coutu-Pierre-Olivier-Sirois-pub-859x1024.jpg 859w, https:\/\/lesloriots.ca\/Wordpress\/wp-content\/uploads\/2024\/05\/500-Pharmacie-Jean-Coutu-Pierre-Olivier-Sirois-pub-252x300.jpg 252w, https:\/\/lesloriots.ca\/Wordpress\/wp-content\/uploads\/2024\/05\/500-Pharmacie-Jean-Coutu-Pierre-Olivier-Sirois-pub-768x916.jpg 768w, https:\/\/lesloriots.ca\/Wordpress\/wp-content\/uploads\/2024\/05\/500-Pharmacie-Jean-Coutu-Pierre-Olivier-Sirois-pub-1288x1536.jpg 1288w, https:\/\/lesloriots.ca\/Wordpress\/wp-content\/uploads\/2024\/05\/500-Pharmacie-Jean-Coutu-Pierre-Olivier-Sirois-pub-1717x2048.jpg 1717w, https:\/\/lesloriots.ca\/Wordpress\/wp-content\/uploads\/2024\/05\/500-Pharmacie-Jean-Coutu-Pierre-Olivier-Sirois-pub.jpg 2000w\" sizes=\"auto, (max-width: 859px) 100vw, 859px\" \/><\/figure>\n","protected":false},"excerpt":{"rendered":"<p>Extrait de la vid\u00e9o pr\u00e9sent\u00e9e lors du concert printanier 2024.<\/p>\n","protected":false},"author":1,"featured_media":0,"parent":0,"menu_order":0,"comment_status":"closed","ping_status":"closed","template":"","meta":{"generate_page_header":"","footnotes":""},"class_list":["post-4954","page","type-page","status-publish"],"_links":{"self":[{"href":"https:\/\/lesloriots.ca\/Wordpress\/wp-json\/wp\/v2\/pages\/4954","targetHints":{"allow":["GET"]}}],"collection":[{"href":"https:\/\/lesloriots.ca\/Wordpress\/wp-json\/wp\/v2\/pages"}],"about":[{"href":"https:\/\/lesloriots.ca\/Wordpress\/wp-json\/wp\/v2\/types\/page"}],"author":[{"embeddable":true,"href":"https:\/\/lesloriots.ca\/Wordpress\/wp-json\/wp\/v2\/users\/1"}],"replies":[{"embeddable":true,"href":"https:\/\/lesloriots.ca\/Wordpress\/wp-json\/wp\/v2\/comments?post=4954"}],"version-history":[{"count":5,"href":"https:\/\/lesloriots.ca\/Wordpress\/wp-json\/wp\/v2\/pages\/4954\/revisions"}],"predecessor-version":[{"id":6247,"href":"https:\/\/lesloriots.ca\/Wordpress\/wp-json\/wp\/v2\/pages\/4954\/revisions\/6247"}],"wp:attachment":[{"href":"https:\/\/lesloriots.ca\/Wordpress\/wp-json\/wp\/v2\/media?parent=4954"}],"curies":[{"name":"wp","href":"https:\/\/api.w.org\/{rel}","templated":true}]}}