{"id":4941,"date":"2024-05-27T10:39:36","date_gmt":"2024-05-27T14:39:36","guid":{"rendered":"https:\/\/lesloriots.ca\/Wordpress\/?page_id=4941"},"modified":"2025-11-13T17:15:20","modified_gmt":"2025-11-13T22:15:20","slug":"bronze-2024","status":"publish","type":"page","link":"https:\/\/lesloriots.ca\/Wordpress\/bronze-2024\/","title":{"rendered":"Bronze 2024"},"content":{"rendered":"\n<h3 class=\"wp-block-heading\">Extrait du feuillet du concert printanier 2024.<\/h3>\n\n\n\n<figure class=\"wp-block-table\"><table><tbody><tr><td>Bouchard Dolbec Avocats, Marc Bouchard <br>Boutique Le Caf\u00e9ier <br>Boutique Viky Rodrigue <br>Cardio Plein Air (Ste-Foy), Marie-\u00c8ve Gu\u00e9rette <br>Centre dentaire Cap-Rouge, Jean-Fran\u00e7ois LaRochelle <br>Clinique dentaire Benvenuti D&rsquo;Amours <br>Clinique Dentaire Samuel Holland, Dr Christian Bernard            <br>Coiffure &#8211; Bronzage Anne Roy <br>Complexe fun\u00e9raire Albert Rochette &amp; Fils<br>Copie Inter <br>D\u00e9licatesses Zaragoza Inc. <br>Dentisterie &amp; Implantologie des Rivi\u00e8res, Dr J\u00e9r\u00f4me Picard <br>Groupe Fleuriste Valentino <br>IGA des Sources (Cap-Rouge) <br>Lave-Auto 5 \u00e9toiles Inc. <br>La vie chiropratique, Jean-Fran\u00e7ois P\u00e9pin<\/td><td>L&rsquo;Heureux &#8211; R\u00e9frig\u00e9ration, Lisa-Marie Asselin<br>Maison de beaut\u00e9 Karita <br>Olivier Parent, Clinique podiatrique &nbsp;<br>P\u00e2tisserie La Dacquoise<br>P\u00e2tisserie Ramona Henri Tannous<br>Pharmacie Familiprix (boul. Neilson), Pierre-Olivier Bertrand<br>Pharmacie Uniprix, Marc-Olivier Girard et Fr\u00e9d\u00e9ric Lahoud<br>Physio Interactive L&rsquo;H\u00e9tri\u00e8re, Marie-\u00c8ve Lessard<br>R\u00e9naldi coiffure<br>Restaurant Chez Vanna Plus<br>Restaurant Gusto saveurs authentiques<br>Restaurant Normandin &#8211; Jean Gauvin<br>Restaurant Tuscanos<br>Salon t\u00eate \u00e0 t\u00eate<br>Sushibox Jean-Gauvin<\/td><\/tr><\/tbody><\/table><\/figure>\n\n\n\n<h3 class=\"wp-block-heading\">Extrait de la vid\u00e9o projet\u00e9e lors du concert printanier 2024 (dans l&rsquo;ordre du feuillet)<\/h3>\n\n\n\n<figure class=\"wp-block-video\"><video height=\"720\" style=\"aspect-ratio: 1280 \/ 720;\" width=\"1280\" controls src=\"https:\/\/lesloriots.ca\/Wordpress\/wp-content\/uploads\/2024\/05\/Commanditaires-2024-Bronze.mp4\"><\/video><\/figure>\n","protected":false},"excerpt":{"rendered":"<p>Extrait du feuillet du concert printanier 2024. Bouchard Dolbec Avocats, Marc Bouchard Boutique Le Caf\u00e9ier Boutique Viky Rodrigue Cardio Plein Air (Ste-Foy), Marie-\u00c8ve Gu\u00e9rette Centre dentaire Cap-Rouge, Jean-Fran\u00e7ois LaRochelle Clinique dentaire Benvenuti D&rsquo;Amours Clinique Dentaire Samuel Holland, Dr Christian Bernard Coiffure &#8211; Bronzage Anne Roy Complexe fun\u00e9raire Albert Rochette &amp; FilsCopie Inter D\u00e9licatesses Zaragoza Inc. &#8230; <a title=\"Bronze 2024\" class=\"read-more\" href=\"https:\/\/lesloriots.ca\/Wordpress\/bronze-2024\/\" aria-label=\"En savoir plus sur Bronze 2024\">Read more<\/a><\/p>\n","protected":false},"author":1,"featured_media":0,"parent":0,"menu_order":0,"comment_status":"closed","ping_status":"closed","template":"","meta":{"generate_page_header":"","footnotes":""},"class_list":["post-4941","page","type-page","status-publish"],"_links":{"self":[{"href":"https:\/\/lesloriots.ca\/Wordpress\/wp-json\/wp\/v2\/pages\/4941","targetHints":{"allow":["GET"]}}],"collection":[{"href":"https:\/\/lesloriots.ca\/Wordpress\/wp-json\/wp\/v2\/pages"}],"about":[{"href":"https:\/\/lesloriots.ca\/Wordpress\/wp-json\/wp\/v2\/types\/page"}],"author":[{"embeddable":true,"href":"https:\/\/lesloriots.ca\/Wordpress\/wp-json\/wp\/v2\/users\/1"}],"replies":[{"embeddable":true,"href":"https:\/\/lesloriots.ca\/Wordpress\/wp-json\/wp\/v2\/comments?post=4941"}],"version-history":[{"count":11,"href":"https:\/\/lesloriots.ca\/Wordpress\/wp-json\/wp\/v2\/pages\/4941\/revisions"}],"predecessor-version":[{"id":6272,"href":"https:\/\/lesloriots.ca\/Wordpress\/wp-json\/wp\/v2\/pages\/4941\/revisions\/6272"}],"wp:attachment":[{"href":"https:\/\/lesloriots.ca\/Wordpress\/wp-json\/wp\/v2\/media?parent=4941"}],"curies":[{"name":"wp","href":"https:\/\/api.w.org\/{rel}","templated":true}]}}