{"id":433,"date":"2016-10-03T13:36:13","date_gmt":"2016-10-03T17:36:13","guid":{"rendered":"http:\/\/lesloriots.ca\/Wordpress\/?page_id=433"},"modified":"2026-03-03T18:52:04","modified_gmt":"2026-03-03T23:52:04","slug":"nos-partenaires","status":"publish","type":"page","link":"https:\/\/lesloriots.ca\/Wordpress\/nos-partenaires\/","title":{"rendered":"Nos partenaires"},"content":{"rendered":"\n<p>Le Groupe vocal Les Loriots peut compter sur l&rsquo;appui financier ou autre de nombreux partenaires\u00a0ou commanditaires.\u00a0 Cette contribution constitue un apport consid\u00e9rable \u00e0 la r\u00e9alisation de la mission et \u00e0 la qualit\u00e9 de prestation du groupe.\u00a0 Le Groupe vocal Les Loriots leur en est tr\u00e8s reconnaissant et le programme annuel du concert populaire en fait l&rsquo;\u00e9num\u00e9ration compl\u00e8te.<\/p>\n\n\n\n<p>Nous tenons \u00e0 faire une mention sp\u00e9ciale pour les suivants :<\/p>\n\n\n\n<figure class=\"wp-block-image size-large\"><img loading=\"lazy\" decoding=\"async\" width=\"1024\" height=\"452\" src=\"https:\/\/lesloriots.ca\/Wordpress\/wp-content\/uploads\/2023\/05\/partenaires-principaux-logos-2023-1-1024x452.jpg\" alt=\"\" class=\"wp-image-4099\" srcset=\"https:\/\/lesloriots.ca\/Wordpress\/wp-content\/uploads\/2023\/05\/partenaires-principaux-logos-2023-1-1024x452.jpg 1024w, https:\/\/lesloriots.ca\/Wordpress\/wp-content\/uploads\/2023\/05\/partenaires-principaux-logos-2023-1-300x132.jpg 300w, https:\/\/lesloriots.ca\/Wordpress\/wp-content\/uploads\/2023\/05\/partenaires-principaux-logos-2023-1-768x339.jpg 768w, https:\/\/lesloriots.ca\/Wordpress\/wp-content\/uploads\/2023\/05\/partenaires-principaux-logos-2023-1-1536x678.jpg 1536w, https:\/\/lesloriots.ca\/Wordpress\/wp-content\/uploads\/2023\/05\/partenaires-principaux-logos-2023-1.jpg 2000w\" sizes=\"auto, (max-width: 1024px) 100vw, 1024px\" \/><\/figure>\n","protected":false},"excerpt":{"rendered":"<p>Le Groupe vocal Les Loriots peut compter sur l&rsquo;appui financier ou autre de nombreux partenaires\u00a0ou commanditaires.\u00a0 Cette contribution constitue un apport consid\u00e9rable \u00e0 la r\u00e9alisation de la mission et \u00e0 la qualit\u00e9 de prestation du groupe.\u00a0 Le Groupe vocal Les Loriots leur en est tr\u00e8s reconnaissant et le programme annuel du concert populaire en fait &#8230; <a title=\"Nos partenaires\" class=\"read-more\" href=\"https:\/\/lesloriots.ca\/Wordpress\/nos-partenaires\/\" aria-label=\"En savoir plus sur Nos partenaires\">Read more<\/a><\/p>\n","protected":false},"author":1,"featured_media":0,"parent":0,"menu_order":0,"comment_status":"closed","ping_status":"closed","template":"","meta":{"generate_page_header":"","footnotes":""},"class_list":["post-433","page","type-page","status-publish"],"_links":{"self":[{"href":"https:\/\/lesloriots.ca\/Wordpress\/wp-json\/wp\/v2\/pages\/433","targetHints":{"allow":["GET"]}}],"collection":[{"href":"https:\/\/lesloriots.ca\/Wordpress\/wp-json\/wp\/v2\/pages"}],"about":[{"href":"https:\/\/lesloriots.ca\/Wordpress\/wp-json\/wp\/v2\/types\/page"}],"author":[{"embeddable":true,"href":"https:\/\/lesloriots.ca\/Wordpress\/wp-json\/wp\/v2\/users\/1"}],"replies":[{"embeddable":true,"href":"https:\/\/lesloriots.ca\/Wordpress\/wp-json\/wp\/v2\/comments?post=433"}],"version-history":[{"count":11,"href":"https:\/\/lesloriots.ca\/Wordpress\/wp-json\/wp\/v2\/pages\/433\/revisions"}],"predecessor-version":[{"id":6415,"href":"https:\/\/lesloriots.ca\/Wordpress\/wp-json\/wp\/v2\/pages\/433\/revisions\/6415"}],"wp:attachment":[{"href":"https:\/\/lesloriots.ca\/Wordpress\/wp-json\/wp\/v2\/media?parent=433"}],"curies":[{"name":"wp","href":"https:\/\/api.w.org\/{rel}","templated":true}]}}