{"id":378,"date":"2016-09-30T18:59:10","date_gmt":"2016-09-30T22:59:10","guid":{"rendered":"http:\/\/lesloriots.ca\/Wordpress\/?page_id=378"},"modified":"2025-07-28T18:13:28","modified_gmt":"2025-07-28T22:13:28","slug":"noel-2003","status":"publish","type":"page","link":"https:\/\/lesloriots.ca\/Wordpress\/noel-2003\/","title":{"rendered":"No\u00ebl 2003"},"content":{"rendered":"\n<p>Ce disque est l\u2019enregistrement int\u00e9gral du spectacle de No\u00ebl pr\u00e9sent\u00e9 \u00e0 l&rsquo;\u00e9glise Saint-F\u00e9lix de Cap-Rouge, en d\u00e9cembre&nbsp;2003.<\/p>\n\n\n<div class=\"wp-block-image\">\n<figure class=\"aligncenter size-full is-resized\"><img loading=\"lazy\" decoding=\"async\" width=\"600\" height=\"600\" src=\"https:\/\/lesloriots.ca\/Wordpress\/wp-content\/uploads\/2025\/07\/LORIOTS-Noel-2003.jpg\" alt=\"\" class=\"wp-image-6152\" style=\"width:436px;height:auto\" srcset=\"https:\/\/lesloriots.ca\/Wordpress\/wp-content\/uploads\/2025\/07\/LORIOTS-Noel-2003.jpg 600w, https:\/\/lesloriots.ca\/Wordpress\/wp-content\/uploads\/2025\/07\/LORIOTS-Noel-2003-300x300.jpg 300w, https:\/\/lesloriots.ca\/Wordpress\/wp-content\/uploads\/2025\/07\/LORIOTS-Noel-2003-150x150.jpg 150w\" sizes=\"auto, (max-width: 600px) 100vw, 600px\" \/><\/figure>\n<\/div>\n\n\n<p>&nbsp;<\/p>\n\n\n\n<figure class=\"wp-block-table\"><table class=\"has-fixed-layout\"><tbody><tr><td><ol><li>Il est n\u00e9, le divin enfant<\/li><li>\u00c7a, bergers, assemblons-nous<\/li><li>L\u2019Adieu des bergers<\/li><li>Cantique de Jean Racine<\/li><li>No\u00ebl nouvelet<\/li><li>Le Chant des anges<\/li><li>Le Ciel \u00e9toil\u00e9<\/li><li>The Snow<\/li><li>Joy to the World<\/li><li>O Little Town of Bethlehem<\/li><li>We Three Kings<\/li><\/ol><\/td><td><ol start=\"12\"><li>Silent Night<\/li><li>L&rsquo;enfant au tambour<\/li><li>Villancico (No\u00ebl sud-am\u00e9ricain)<\/li><li>Promenade en tra\u00eeneau<\/li><li>Le No\u00ebl des petits oiseaux<\/li><li>Petit papa No\u00ebl<\/li><li>Ave Maria (No\u00ebl autrichien)<\/li><li>Ave Maria<\/li><li>Alleluia du Messie<\/li><li>No\u00ebl d\u2019Ukraine<\/li><li>O Come, All Ye Faithful (Adeste fideles)<\/li><\/ol><\/td><\/tr><\/tbody><\/table><\/figure>\n\n\n\n<hr class=\"wp-block-separator has-alpha-channel-opacity\"\/>\n\n\n\n<h3 class=\"wp-block-heading\">Quelques extraits :<\/h3>\n\n\n\n<div id=\"contenu\">\n<p>Piste #&nbsp; 15 <strong>Promenade en tra\u00eeneau<\/strong><\/p>\n<\/div>\n\n\n\n<figure class=\"wp-block-audio\"><audio controls src=\"http:\/\/lesloriots.ca\/Wordpress\/wp-content\/uploads\/2016\/10\/promenade.mp3\"><\/audio><\/figure>\n\n\n\n<p>&nbsp;<\/p>\n\n\n\n<p>Piste &nbsp;#&nbsp; 20 <strong>Alleluia du Messie<\/strong><\/p>\n\n\n\n<figure class=\"wp-block-audio\"><audio controls src=\"http:\/\/lesloriots.ca\/Wordpress\/wp-content\/uploads\/2016\/10\/messie.mp3\"><\/audio><\/figure>\n\n\n\n<div id=\"piedPage\">&nbsp;<\/div>\n\n\n\n<p>&nbsp;<\/p>\n\n\n\n<hr class=\"wp-block-separator has-alpha-channel-opacity\"\/>\n","protected":false},"excerpt":{"rendered":"<p>Ce disque est l\u2019enregistrement int\u00e9gral du spectacle de No\u00ebl pr\u00e9sent\u00e9 \u00e0 l&rsquo;\u00e9glise Saint-F\u00e9lix de Cap-Rouge, en d\u00e9cembre&nbsp;2003. &nbsp; Il est n\u00e9, le divin enfant \u00c7a, bergers, assemblons-nous L\u2019Adieu des bergers Cantique de Jean Racine No\u00ebl nouvelet Le Chant des anges Le Ciel \u00e9toil\u00e9 The Snow Joy to the World O Little Town of Bethlehem We &#8230; <a title=\"No\u00ebl 2003\" class=\"read-more\" href=\"https:\/\/lesloriots.ca\/Wordpress\/noel-2003\/\" aria-label=\"En savoir plus sur No\u00ebl 2003\">Read more<\/a><\/p>\n","protected":false},"author":1,"featured_media":0,"parent":0,"menu_order":0,"comment_status":"closed","ping_status":"closed","template":"","meta":{"generate_page_header":"","footnotes":""},"class_list":["post-378","page","type-page","status-publish"],"_links":{"self":[{"href":"https:\/\/lesloriots.ca\/Wordpress\/wp-json\/wp\/v2\/pages\/378","targetHints":{"allow":["GET"]}}],"collection":[{"href":"https:\/\/lesloriots.ca\/Wordpress\/wp-json\/wp\/v2\/pages"}],"about":[{"href":"https:\/\/lesloriots.ca\/Wordpress\/wp-json\/wp\/v2\/types\/page"}],"author":[{"embeddable":true,"href":"https:\/\/lesloriots.ca\/Wordpress\/wp-json\/wp\/v2\/users\/1"}],"replies":[{"embeddable":true,"href":"https:\/\/lesloriots.ca\/Wordpress\/wp-json\/wp\/v2\/comments?post=378"}],"version-history":[{"count":12,"href":"https:\/\/lesloriots.ca\/Wordpress\/wp-json\/wp\/v2\/pages\/378\/revisions"}],"predecessor-version":[{"id":6205,"href":"https:\/\/lesloriots.ca\/Wordpress\/wp-json\/wp\/v2\/pages\/378\/revisions\/6205"}],"wp:attachment":[{"href":"https:\/\/lesloriots.ca\/Wordpress\/wp-json\/wp\/v2\/media?parent=378"}],"curies":[{"name":"wp","href":"https:\/\/api.w.org\/{rel}","templated":true}]}}