{"id":375,"date":"2016-09-30T18:52:00","date_gmt":"2016-09-30T22:52:00","guid":{"rendered":"http:\/\/lesloriots.ca\/Wordpress\/?page_id=375"},"modified":"2025-07-28T18:17:11","modified_gmt":"2025-07-28T22:17:11","slug":"ya-pas-deux-chansons-pareilles","status":"publish","type":"page","link":"https:\/\/lesloriots.ca\/Wordpress\/ya-pas-deux-chansons-pareilles\/","title":{"rendered":"Y\u2019a pas deux chansons pareilles"},"content":{"rendered":"\n<p class=\"has-text-align-left\">Constitu\u00e9 de pi\u00e8ces tir\u00e9es du spectacle de juin 2004, ce disque enregistr\u00e9 \u00e0 l\u2019\u00e9glise Saint-F\u00e9lix de Cap-Rouge repr\u00e9sente fort bien la diversit\u00e9 du r\u00e9pertoire pr\u00e9sent\u00e9 par le groupe vocal Les Loriots de Cap-Rouge.<\/p>\n\n\n<div class=\"wp-block-image\">\n<figure class=\"aligncenter size-full is-resized\"><img loading=\"lazy\" decoding=\"async\" width=\"607\" height=\"600\" src=\"https:\/\/lesloriots.ca\/Wordpress\/wp-content\/uploads\/2025\/07\/LORIOTS-YaPasDeuxChansonsPareilles-2004.jpg\" alt=\"\" class=\"wp-image-6150\" style=\"width:445px;height:auto\" srcset=\"https:\/\/lesloriots.ca\/Wordpress\/wp-content\/uploads\/2025\/07\/LORIOTS-YaPasDeuxChansonsPareilles-2004.jpg 607w, https:\/\/lesloriots.ca\/Wordpress\/wp-content\/uploads\/2025\/07\/LORIOTS-YaPasDeuxChansonsPareilles-2004-300x297.jpg 300w\" sizes=\"auto, (max-width: 607px) 100vw, 607px\" \/><\/figure>\n<\/div>\n\n\n<p><\/p>\n\n\n\n<p><strong>&nbsp;<\/strong><\/p>\n\n\n\n<figure class=\"wp-block-table\"><table class=\"has-fixed-layout\"><tbody><tr><td><ol><li>Y\u2019a pas deux chansons pareilles<\/li><li>Vang\u00e9lis 1492<\/li><li>La mer<\/li><li>The Way We Were<\/li><li>Mes emmerdes<\/li><li>Mon pays<\/li><li>Depuis le premier jour<\/li><li>Fly Me to the Moon<\/li><li>Il faut regarder les \u00e9toiles<\/li><li>Parfum du Qu\u00e9bec<\/li><li>Over the Rainbow<\/li><li>Un souvenir heureux<\/li><li>Y a d\u2019la joie<\/li><\/ol><\/td><\/tr><\/tbody><\/table><\/figure>\n\n\n\n<hr class=\"wp-block-separator has-alpha-channel-opacity\"\/>\n\n\n\n<h3 class=\"wp-block-heading\">Quelques extraits<\/h3>\n\n\n\n<p>Piste # 11 <strong>Over the Rainbow<\/strong><\/p>\n\n\n\n<figure class=\"wp-block-audio\"><audio controls src=\"http:\/\/lesloriots.ca\/Wordpress\/wp-content\/uploads\/2016\/10\/over_the_rainbow.mp3\"><\/audio><\/figure>\n\n\n\n<p>&nbsp;<\/p>\n\n\n\n<p>Piste # 13 <strong>Y&rsquo;a d&rsquo;la joie<\/strong><\/p>\n\n\n\n<figure class=\"wp-block-audio\"><audio controls src=\"http:\/\/lesloriots.ca\/Wordpress\/wp-content\/uploads\/2016\/10\/ya_dla_joie.mp3\"><\/audio><\/figure>\n\n\n\n<p>&nbsp;<\/p>\n\n\n\n<hr class=\"wp-block-separator has-alpha-channel-opacity\"\/>\n\n\n\n<p>&nbsp;<\/p>\n\n\n\n<hr class=\"wp-block-separator has-alpha-channel-opacity\"\/>\n","protected":false},"excerpt":{"rendered":"<p>Constitu\u00e9 de pi\u00e8ces tir\u00e9es du spectacle de juin 2004, ce disque enregistr\u00e9 \u00e0 l\u2019\u00e9glise Saint-F\u00e9lix de Cap-Rouge repr\u00e9sente fort bien la diversit\u00e9 du r\u00e9pertoire pr\u00e9sent\u00e9 par le groupe vocal Les Loriots de Cap-Rouge. &nbsp; Y\u2019a pas deux chansons pareilles Vang\u00e9lis 1492 La mer The Way We Were Mes emmerdes Mon pays Depuis le premier jour &#8230; <a title=\"Y\u2019a pas deux chansons pareilles\" class=\"read-more\" href=\"https:\/\/lesloriots.ca\/Wordpress\/ya-pas-deux-chansons-pareilles\/\" aria-label=\"En savoir plus sur Y\u2019a pas deux chansons pareilles\">Read more<\/a><\/p>\n","protected":false},"author":1,"featured_media":0,"parent":0,"menu_order":0,"comment_status":"closed","ping_status":"closed","template":"","meta":{"generate_page_header":"","footnotes":""},"class_list":["post-375","page","type-page","status-publish"],"_links":{"self":[{"href":"https:\/\/lesloriots.ca\/Wordpress\/wp-json\/wp\/v2\/pages\/375","targetHints":{"allow":["GET"]}}],"collection":[{"href":"https:\/\/lesloriots.ca\/Wordpress\/wp-json\/wp\/v2\/pages"}],"about":[{"href":"https:\/\/lesloriots.ca\/Wordpress\/wp-json\/wp\/v2\/types\/page"}],"author":[{"embeddable":true,"href":"https:\/\/lesloriots.ca\/Wordpress\/wp-json\/wp\/v2\/users\/1"}],"replies":[{"embeddable":true,"href":"https:\/\/lesloriots.ca\/Wordpress\/wp-json\/wp\/v2\/comments?post=375"}],"version-history":[{"count":8,"href":"https:\/\/lesloriots.ca\/Wordpress\/wp-json\/wp\/v2\/pages\/375\/revisions"}],"predecessor-version":[{"id":6210,"href":"https:\/\/lesloriots.ca\/Wordpress\/wp-json\/wp\/v2\/pages\/375\/revisions\/6210"}],"wp:attachment":[{"href":"https:\/\/lesloriots.ca\/Wordpress\/wp-json\/wp\/v2\/media?parent=375"}],"curies":[{"name":"wp","href":"https:\/\/api.w.org\/{rel}","templated":true}]}}