{"id":370,"date":"2016-09-30T18:47:06","date_gmt":"2016-09-30T22:47:06","guid":{"rendered":"http:\/\/lesloriots.ca\/Wordpress\/?page_id=370"},"modified":"2025-07-28T18:14:42","modified_gmt":"2025-07-28T22:14:42","slug":"si-on-chantait-la-vie","status":"publish","type":"page","link":"https:\/\/lesloriots.ca\/Wordpress\/si-on-chantait-la-vie\/","title":{"rendered":"Si on chantait la vie"},"content":{"rendered":"\n<p>Ce coffret de deux disques a \u00e9t\u00e9 enregistr\u00e9 \u00e0 l&rsquo;auditorium du Coll\u00e8ge Saint-Augustin, \u00e0 Saint-Augustin-de-Desmaures, lors du&nbsp; spectacle du 1<sup>er<\/sup> juin 2007.&nbsp; Il a \u00e9t\u00e9 r\u00e9alis\u00e9 avec la participation du ch\u0153ur des \u00e9l\u00e8ves de l&rsquo;\u00e9cole des Grandes-Mar\u00e9es de la Commission scolaire des D\u00e9couvreurs de Qu\u00e9bec.<\/p>\n\n\n<div class=\"wp-block-image\">\n<figure class=\"aligncenter size-full is-resized\"><img loading=\"lazy\" decoding=\"async\" width=\"600\" height=\"590\" src=\"https:\/\/lesloriots.ca\/Wordpress\/wp-content\/uploads\/2025\/07\/LORIOTS-SiOnChantaitLaVie-2007.jpg\" alt=\"\" class=\"wp-image-6149\" style=\"width:444px;height:auto\" srcset=\"https:\/\/lesloriots.ca\/Wordpress\/wp-content\/uploads\/2025\/07\/LORIOTS-SiOnChantaitLaVie-2007.jpg 600w, https:\/\/lesloriots.ca\/Wordpress\/wp-content\/uploads\/2025\/07\/LORIOTS-SiOnChantaitLaVie-2007-300x295.jpg 300w\" sizes=\"auto, (max-width: 600px) 100vw, 600px\" \/><\/figure>\n<\/div>\n\n\n<p>&nbsp;<\/p>\n\n\n\n<figure class=\"wp-block-table\"><table class=\"has-fixed-layout\"><tbody><tr><td><strong>CD 1<\/strong><\/td><td><strong>CD 2<\/strong><\/td><\/tr><tr><td><ol><li>Dixie<\/li><li>C\u2019est beau la vie<\/li><li>Down to the River to Pray<\/li><li>You Raise Me Up<\/li><li>Il faudra leur dire<\/li><li>Le grand cerf-volant<\/li><li>Kabir Kouba<\/li><li>Je te le pr\u00e9senterai mon pays<\/li><li>Eres t\u00fa<\/li><li>Bruxelles<\/li><li>Hit the Road Jack<\/li><\/ol><\/td><td><ol><li>Chica Chica Boom Chic<\/li><li>Sway<\/li><li>Nos mains<\/li><li>Rock Collection<\/li><li>Une chanson douce<\/li><li>Une chance qu\u2019on s\u2019a<\/li><li>Le Jazz et la Java<\/li><li>\u00c9videmment<\/li><li>\u00c9vang\u00e9line<\/li><li>Ne fais pas \u00e7a<\/li><li>I Will Survive<\/li><li>The Mass<\/li><li>Si on chantait ensemble<\/li><\/ol><\/td><\/tr><\/tbody><\/table><\/figure>\n\n\n\n<h3 class=\"wp-block-heading\">&nbsp;<\/h3>\n\n\n\n<hr class=\"wp-block-separator has-alpha-channel-opacity\"\/>\n\n\n\n<h3 class=\"wp-block-heading\">Quelques extraits<\/h3>\n\n\n\n<p>Piste # 1 du CD # 1 <strong>Dixie<\/strong><\/p>\n\n\n\n<figure class=\"wp-block-audio\"><audio controls src=\"http:\/\/lesloriots.ca\/Wordpress\/wp-content\/uploads\/2016\/10\/dixie.mp3\"><\/audio><\/figure>\n\n\n\n<p>&nbsp;<\/p>\n\n\n\n<p>Piste # 2 du CD # 1 <strong>C&rsquo;est beau la vie<\/strong><\/p>\n\n\n\n<figure class=\"wp-block-audio\"><audio controls src=\"http:\/\/lesloriots.ca\/Wordpress\/wp-content\/uploads\/2016\/10\/CEstBeauLaVie.mp3\"><\/audio><\/figure>\n\n\n\n<h3 class=\"wp-block-heading\">&nbsp;<\/h3>\n","protected":false},"excerpt":{"rendered":"<p>Ce coffret de deux disques a \u00e9t\u00e9 enregistr\u00e9 \u00e0 l&rsquo;auditorium du Coll\u00e8ge Saint-Augustin, \u00e0 Saint-Augustin-de-Desmaures, lors du&nbsp; spectacle du 1er juin 2007.&nbsp; Il a \u00e9t\u00e9 r\u00e9alis\u00e9 avec la participation du ch\u0153ur des \u00e9l\u00e8ves de l&rsquo;\u00e9cole des Grandes-Mar\u00e9es de la Commission scolaire des D\u00e9couvreurs de Qu\u00e9bec. &nbsp; CD 1 CD 2 Dixie C\u2019est beau la vie &#8230; <a title=\"Si on chantait la vie\" class=\"read-more\" href=\"https:\/\/lesloriots.ca\/Wordpress\/si-on-chantait-la-vie\/\" aria-label=\"En savoir plus sur Si on chantait la vie\">Read more<\/a><\/p>\n","protected":false},"author":1,"featured_media":0,"parent":0,"menu_order":0,"comment_status":"closed","ping_status":"closed","template":"","meta":{"generate_page_header":"","footnotes":""},"class_list":["post-370","page","type-page","status-publish"],"_links":{"self":[{"href":"https:\/\/lesloriots.ca\/Wordpress\/wp-json\/wp\/v2\/pages\/370","targetHints":{"allow":["GET"]}}],"collection":[{"href":"https:\/\/lesloriots.ca\/Wordpress\/wp-json\/wp\/v2\/pages"}],"about":[{"href":"https:\/\/lesloriots.ca\/Wordpress\/wp-json\/wp\/v2\/types\/page"}],"author":[{"embeddable":true,"href":"https:\/\/lesloriots.ca\/Wordpress\/wp-json\/wp\/v2\/users\/1"}],"replies":[{"embeddable":true,"href":"https:\/\/lesloriots.ca\/Wordpress\/wp-json\/wp\/v2\/comments?post=370"}],"version-history":[{"count":11,"href":"https:\/\/lesloriots.ca\/Wordpress\/wp-json\/wp\/v2\/pages\/370\/revisions"}],"predecessor-version":[{"id":6207,"href":"https:\/\/lesloriots.ca\/Wordpress\/wp-json\/wp\/v2\/pages\/370\/revisions\/6207"}],"wp:attachment":[{"href":"https:\/\/lesloriots.ca\/Wordpress\/wp-json\/wp\/v2\/media?parent=370"}],"curies":[{"name":"wp","href":"https:\/\/api.w.org\/{rel}","templated":true}]}}