{"id":2,"date":"2016-08-27T18:18:27","date_gmt":"2016-08-27T22:18:27","guid":{"rendered":"http:\/\/lesloriots.ca\/Wordpress\/?page_id=2"},"modified":"2026-03-03T18:28:52","modified_gmt":"2026-03-03T23:28:52","slug":"sample-page","status":"publish","type":"page","link":"https:\/\/lesloriots.ca\/Wordpress\/sample-page\/","title":{"rendered":"\u00c0 propos"},"content":{"rendered":"<p>Le Groupe vocal Les Loriots a \u00e9t\u00e9 fond\u00e9 en 1975. La premi\u00e8re couv\u00e9e des Loriots a vu le jour \u00e0 l\u2019occasion d\u2019une messe t\u00e9l\u00e9vis\u00e9e \u00e0 l\u2019\u00e9glise Saint-F\u00e9lix de Cap-Rouge. Ce groupe est devenu un organisme sans but lucratif incorpor\u00e9 en 1985.<\/p>\n<p>Au fil de ces ann\u00e9es, le groupe a chemin\u00e9 dans son d\u00e9veloppement et a accru ses comp\u00e9tences musicales. Quelque 50 choristes adultes constituent la formation actuelle \u00e0 quatre voix mixtes. Le plaisir de chanter ensemble demeure toujours l\u2019essence m\u00eame du motif de la rencontre, tout en ayant le souci d\u2019offrir une prestation de grande qualit\u00e9. Un sentiment d\u2019appartenance des membres se d\u00e9veloppe par le volet social de ses activit\u00e9s.<\/p>\n<p><iframe loading=\"lazy\" title=\"Concert printemps 2025 - Groupe vocal Les Loriots\" width=\"1200\" height=\"900\" src=\"https:\/\/www.youtube.com\/embed\/uBkurzEz7CQ?feature=oembed\" frameborder=\"0\" allow=\"accelerometer; autoplay; clipboard-write; encrypted-media; gyroscope; picture-in-picture; web-share\" referrerpolicy=\"strict-origin-when-cross-origin\" allowfullscreen><\/iframe><\/p>\n","protected":false},"excerpt":{"rendered":"<p>Le Groupe vocal Les Loriots a \u00e9t\u00e9 fond\u00e9 en 1975. La premi\u00e8re couv\u00e9e des Loriots a vu le jour \u00e0 l\u2019occasion d\u2019une messe t\u00e9l\u00e9vis\u00e9e \u00e0 l\u2019\u00e9glise Saint-F\u00e9lix de Cap-Rouge. Ce groupe est devenu un organisme sans but lucratif incorpor\u00e9 en 1985. Au fil de ces ann\u00e9es, le groupe a chemin\u00e9 dans son d\u00e9veloppement et a &#8230; <a title=\"\u00c0 propos\" class=\"read-more\" href=\"https:\/\/lesloriots.ca\/Wordpress\/sample-page\/\" aria-label=\"En savoir plus sur \u00c0 propos\">Read more<\/a><\/p>\n","protected":false},"author":1,"featured_media":0,"parent":0,"menu_order":1,"comment_status":"closed","ping_status":"closed","template":"","meta":{"generate_page_header":"","footnotes":""},"class_list":["post-2","page","type-page","status-publish"],"_links":{"self":[{"href":"https:\/\/lesloriots.ca\/Wordpress\/wp-json\/wp\/v2\/pages\/2","targetHints":{"allow":["GET"]}}],"collection":[{"href":"https:\/\/lesloriots.ca\/Wordpress\/wp-json\/wp\/v2\/pages"}],"about":[{"href":"https:\/\/lesloriots.ca\/Wordpress\/wp-json\/wp\/v2\/types\/page"}],"author":[{"embeddable":true,"href":"https:\/\/lesloriots.ca\/Wordpress\/wp-json\/wp\/v2\/users\/1"}],"replies":[{"embeddable":true,"href":"https:\/\/lesloriots.ca\/Wordpress\/wp-json\/wp\/v2\/comments?post=2"}],"version-history":[{"count":36,"href":"https:\/\/lesloriots.ca\/Wordpress\/wp-json\/wp\/v2\/pages\/2\/revisions"}],"predecessor-version":[{"id":6404,"href":"https:\/\/lesloriots.ca\/Wordpress\/wp-json\/wp\/v2\/pages\/2\/revisions\/6404"}],"wp:attachment":[{"href":"https:\/\/lesloriots.ca\/Wordpress\/wp-json\/wp\/v2\/media?parent=2"}],"curies":[{"name":"wp","href":"https:\/\/api.w.org\/{rel}","templated":true}]}}