{"id":167,"date":"2016-09-14T13:02:03","date_gmt":"2016-09-14T17:02:03","guid":{"rendered":"http:\/\/lesloriots.ca\/Wordpress\/?page_id=167"},"modified":"2016-10-13T13:08:39","modified_gmt":"2016-10-13T17:08:39","slug":"concerts-et-discographie","status":"publish","type":"page","link":"https:\/\/lesloriots.ca\/Wordpress\/concerts-et-discographie\/","title":{"rendered":"Concerts"},"content":{"rendered":"<p>Espoir, chaleur humaine et joie de vivre, tels sont les messages v\u00e9hicul\u00e9s par la musique et le chant du groupe vocal Les Loriots de Cap-Rouge. Son r\u00e9pertoire comporte une grande vari\u00e9t\u00e9 de chants qui sait plaire \u00e0 toutes les g\u00e9n\u00e9rations.<\/p>\n","protected":false},"excerpt":{"rendered":"<p>Espoir, chaleur humaine et joie de vivre, tels sont les messages v\u00e9hicul\u00e9s par la musique et le chant du groupe vocal Les Loriots de Cap-Rouge. Son r\u00e9pertoire comporte une grande vari\u00e9t\u00e9 de chants qui sait plaire \u00e0 toutes les g\u00e9n\u00e9rations.<\/p>\n","protected":false},"author":1,"featured_media":0,"parent":0,"menu_order":2,"comment_status":"closed","ping_status":"closed","template":"","meta":{"generate_page_header":"","footnotes":""},"class_list":["post-167","page","type-page","status-publish"],"_links":{"self":[{"href":"https:\/\/lesloriots.ca\/Wordpress\/wp-json\/wp\/v2\/pages\/167","targetHints":{"allow":["GET"]}}],"collection":[{"href":"https:\/\/lesloriots.ca\/Wordpress\/wp-json\/wp\/v2\/pages"}],"about":[{"href":"https:\/\/lesloriots.ca\/Wordpress\/wp-json\/wp\/v2\/types\/page"}],"author":[{"embeddable":true,"href":"https:\/\/lesloriots.ca\/Wordpress\/wp-json\/wp\/v2\/users\/1"}],"replies":[{"embeddable":true,"href":"https:\/\/lesloriots.ca\/Wordpress\/wp-json\/wp\/v2\/comments?post=167"}],"version-history":[{"count":13,"href":"https:\/\/lesloriots.ca\/Wordpress\/wp-json\/wp\/v2\/pages\/167\/revisions"}],"predecessor-version":[{"id":742,"href":"https:\/\/lesloriots.ca\/Wordpress\/wp-json\/wp\/v2\/pages\/167\/revisions\/742"}],"wp:attachment":[{"href":"https:\/\/lesloriots.ca\/Wordpress\/wp-json\/wp\/v2\/media?parent=167"}],"curies":[{"name":"wp","href":"https:\/\/api.w.org\/{rel}","templated":true}]}}