{"id":162,"date":"2016-09-14T11:31:52","date_gmt":"2016-09-14T15:31:52","guid":{"rendered":"http:\/\/lesloriots.ca\/Wordpress\/?page_id=162"},"modified":"2026-03-03T18:40:01","modified_gmt":"2026-03-03T23:40:01","slug":"basses","status":"publish","type":"page","link":"https:\/\/lesloriots.ca\/Wordpress\/membres\/basses\/","title":{"rendered":"Basses"},"content":{"rendered":"<h5><strong>Chef de pupitre :<\/strong> Alain C\u00f4t\u00e9<\/h5>\n<hr \/>\n<figure id=\"attachment_6109\" aria-describedby=\"caption-attachment-6109\" style=\"width: 690px\" class=\"wp-caption alignright\"><a href=\"https:\/\/lesloriots.ca\/Wordpress\/wp-content\/uploads\/2026\/02\/Basse_2026.jpeg\" target=\"_blank\" rel=\"noopener\"><img loading=\"lazy\" decoding=\"async\" class=\"wp-image-6109\" src=\"https:\/\/lesloriots.ca\/Wordpress\/wp-content\/uploads\/2026\/02\/Basse_2026.jpeg\" alt=\"\" width=\"700\" height=\"494\" \/><\/a><figcaption id=\"caption-attachment-6109\" class=\"wp-caption-text\">Pupitre des Basses (Photo : Morgan Dunand, 16 f\u00e9vrier 2026)<\/figcaption><\/figure>\n<p>Michel Bouchard<br \/>\nAlain C\u00f4t\u00e9<br \/>\nMarc Desgagn\u00e9s<br \/>\nPierre Montreuil<br \/>\nR\u00e9jean Paquet<br \/>\nPeter Simons<\/p>\n<p style=\"text-align: left;\"><i>Janvier 2026<\/i><\/p>\n","protected":false},"excerpt":{"rendered":"<p>Chef de pupitre : Alain C\u00f4t\u00e9 Michel Bouchard Alain C\u00f4t\u00e9 Marc Desgagn\u00e9s Pierre Montreuil R\u00e9jean Paquet Peter Simons Janvier 2026<\/p>\n","protected":false},"author":1,"featured_media":0,"parent":153,"menu_order":4,"comment_status":"closed","ping_status":"closed","template":"","meta":{"generate_page_header":"","footnotes":""},"class_list":["post-162","page","type-page","status-publish"],"_links":{"self":[{"href":"https:\/\/lesloriots.ca\/Wordpress\/wp-json\/wp\/v2\/pages\/162","targetHints":{"allow":["GET"]}}],"collection":[{"href":"https:\/\/lesloriots.ca\/Wordpress\/wp-json\/wp\/v2\/pages"}],"about":[{"href":"https:\/\/lesloriots.ca\/Wordpress\/wp-json\/wp\/v2\/types\/page"}],"author":[{"embeddable":true,"href":"https:\/\/lesloriots.ca\/Wordpress\/wp-json\/wp\/v2\/users\/1"}],"replies":[{"embeddable":true,"href":"https:\/\/lesloriots.ca\/Wordpress\/wp-json\/wp\/v2\/comments?post=162"}],"version-history":[{"count":37,"href":"https:\/\/lesloriots.ca\/Wordpress\/wp-json\/wp\/v2\/pages\/162\/revisions"}],"predecessor-version":[{"id":6409,"href":"https:\/\/lesloriots.ca\/Wordpress\/wp-json\/wp\/v2\/pages\/162\/revisions\/6409"}],"up":[{"embeddable":true,"href":"https:\/\/lesloriots.ca\/Wordpress\/wp-json\/wp\/v2\/pages\/153"}],"wp:attachment":[{"href":"https:\/\/lesloriots.ca\/Wordpress\/wp-json\/wp\/v2\/media?parent=162"}],"curies":[{"name":"wp","href":"https:\/\/api.w.org\/{rel}","templated":true}]}}