{"id":158,"date":"2016-09-14T11:29:05","date_gmt":"2016-09-14T15:29:05","guid":{"rendered":"http:\/\/lesloriots.ca\/Wordpress\/?page_id=158"},"modified":"2026-03-03T18:41:12","modified_gmt":"2026-03-03T23:41:12","slug":"altos","status":"publish","type":"page","link":"https:\/\/lesloriots.ca\/Wordpress\/membres\/altos\/","title":{"rendered":"Altos"},"content":{"rendered":"<h5><strong>Chef de pupitre :\u00a0<\/strong>Louis Laprise (int\u00e9rim)<\/h5>\n<hr \/>\n<figure id=\"attachment_6108\" aria-describedby=\"caption-attachment-6108\" style=\"width: 690px\" class=\"wp-caption alignright\"><a href=\"https:\/\/lesloriots.ca\/Wordpress\/wp-content\/uploads\/2026\/02\/20260211_194809-corrige-scaled.jpg\" target=\"_blank\" rel=\"noopener\"><img loading=\"lazy\" decoding=\"async\" class=\"wp-image-6108\" src=\"https:\/\/lesloriots.ca\/Wordpress\/wp-content\/uploads\/2026\/02\/20260211_194809-corrige-scaled.jpg\" alt=\"\" width=\"700\" height=\"517\" \/><\/a><figcaption id=\"caption-attachment-6108\" class=\"wp-caption-text\">Pupitre des Altos (Photo : Marie-Mich\u00e8le Langlois, 11 f\u00e9vrier 2026)<\/figcaption><\/figure>\n<p>Monique Beaurivage<br \/>\nMarise Bernier<br \/>\nClaire De La Durantaye<br \/>\nMich\u00e8le Desrosiers<br \/>\nCatherine De Vriendt<br \/>\nFrance Falardeau<br \/>\nIsabelle Fortin<br \/>\nMonique Gauthier<br \/>\n\u00c9velyne Gosselin<br \/>\nSuzie Grenier<br \/>\nRoseline Lachapelle<br \/>\nJohanne Lajeunesse<br \/>\nMarie-Jos\u00e9e Leblanc<br \/>\nLine Paulin<br \/>\nMariette Poisson<br \/>\nSylvie Powers<br \/>\nClara Rodriguez<br \/>\nSonia Roux<br \/>\nLouise Therriault<br \/>\nJohanne Tremblay<\/p>\n<p><em>Janvier 2026<\/em><\/p>\n","protected":false},"excerpt":{"rendered":"<p>Chef de pupitre :\u00a0Louis Laprise (int\u00e9rim) Monique Beaurivage Marise Bernier Claire De La Durantaye Mich\u00e8le Desrosiers Catherine De Vriendt France Falardeau Isabelle Fortin Monique Gauthier \u00c9velyne Gosselin Suzie Grenier Roseline Lachapelle Johanne Lajeunesse Marie-Jos\u00e9e Leblanc Line Paulin Mariette Poisson Sylvie Powers Clara Rodriguez Sonia Roux Louise Therriault Johanne Tremblay Janvier 2026<\/p>\n","protected":false},"author":1,"featured_media":0,"parent":153,"menu_order":2,"comment_status":"closed","ping_status":"closed","template":"","meta":{"generate_page_header":"","footnotes":""},"class_list":["post-158","page","type-page","status-publish"],"_links":{"self":[{"href":"https:\/\/lesloriots.ca\/Wordpress\/wp-json\/wp\/v2\/pages\/158","targetHints":{"allow":["GET"]}}],"collection":[{"href":"https:\/\/lesloriots.ca\/Wordpress\/wp-json\/wp\/v2\/pages"}],"about":[{"href":"https:\/\/lesloriots.ca\/Wordpress\/wp-json\/wp\/v2\/types\/page"}],"author":[{"embeddable":true,"href":"https:\/\/lesloriots.ca\/Wordpress\/wp-json\/wp\/v2\/users\/1"}],"replies":[{"embeddable":true,"href":"https:\/\/lesloriots.ca\/Wordpress\/wp-json\/wp\/v2\/comments?post=158"}],"version-history":[{"count":56,"href":"https:\/\/lesloriots.ca\/Wordpress\/wp-json\/wp\/v2\/pages\/158\/revisions"}],"predecessor-version":[{"id":6410,"href":"https:\/\/lesloriots.ca\/Wordpress\/wp-json\/wp\/v2\/pages\/158\/revisions\/6410"}],"up":[{"embeddable":true,"href":"https:\/\/lesloriots.ca\/Wordpress\/wp-json\/wp\/v2\/pages\/153"}],"wp:attachment":[{"href":"https:\/\/lesloriots.ca\/Wordpress\/wp-json\/wp\/v2\/media?parent=158"}],"curies":[{"name":"wp","href":"https:\/\/api.w.org\/{rel}","templated":true}]}}