{"id":153,"date":"2016-09-14T11:24:38","date_gmt":"2016-09-14T15:24:38","guid":{"rendered":"http:\/\/lesloriots.ca\/Wordpress\/?page_id=153"},"modified":"2026-01-21T11:56:09","modified_gmt":"2026-01-21T16:56:09","slug":"membres","status":"publish","type":"page","link":"https:\/\/lesloriots.ca\/Wordpress\/membres\/","title":{"rendered":"Membres"},"content":{"rendered":"\n<figure class=\"wp-block-image alignnone size-large\"><a href=\"https:\/\/lesloriots.ca\/Wordpress\/wp-content\/uploads\/2024\/05\/2024-05-05-Les-Loriots-2024-scaled.jpg\" target=\"_blank\" rel=\"noopener noreferrer\"><img loading=\"lazy\" decoding=\"async\" width=\"1024\" height=\"518\" src=\"https:\/\/lesloriots.ca\/Wordpress\/wp-content\/uploads\/2024\/05\/2024-05-05-Les-Loriots-2024-1024x518.jpg\" alt=\"\" class=\"wp-image-4905\" srcset=\"https:\/\/lesloriots.ca\/Wordpress\/wp-content\/uploads\/2024\/05\/2024-05-05-Les-Loriots-2024-1024x518.jpg 1024w, https:\/\/lesloriots.ca\/Wordpress\/wp-content\/uploads\/2024\/05\/2024-05-05-Les-Loriots-2024-300x152.jpg 300w, https:\/\/lesloriots.ca\/Wordpress\/wp-content\/uploads\/2024\/05\/2024-05-05-Les-Loriots-2024-768x389.jpg 768w, https:\/\/lesloriots.ca\/Wordpress\/wp-content\/uploads\/2024\/05\/2024-05-05-Les-Loriots-2024-1536x777.jpg 1536w, https:\/\/lesloriots.ca\/Wordpress\/wp-content\/uploads\/2024\/05\/2024-05-05-Les-Loriots-2024-2048x1037.jpg 2048w\" sizes=\"auto, (max-width: 1024px) 100vw, 1024px\" \/><\/a><figcaption class=\"wp-element-caption\">Photo : Christian Savard, 4 mai 2024)<\/figcaption><\/figure>\n\n\n\n<p>Cette ann\u00e9e, le groupe vocal Les Loriots de Cap-Rouge compte une cinquantaine de choristes et quelques membres associ\u00e9s. Les choristes sont regroup\u00e9s en quatre pupitres : soprano, alto, t\u00e9nor et basse. Un membre de chaque pupitre est d\u00e9sign\u00e9 chef de pupitre et fait partie du comit\u00e9 musical avec le directeur musical ainsi que le pianiste accompagnateur.<\/p>\n\n\n\n<p>En plus des choristes, des conjoints ou amis font \u00e9galement partie des Loriots de Cap-Rouge comme membres associ\u00e9s. Ils participent activement \u00e0 l&rsquo;organisation et au soutien de la vie du groupe. Leur grande implication constitue une valeur ajout\u00e9e.<\/p>\n","protected":false},"excerpt":{"rendered":"<p>Cette ann\u00e9e, le groupe vocal Les Loriots de Cap-Rouge compte une cinquantaine de choristes et quelques membres associ\u00e9s. Les choristes sont regroup\u00e9s en quatre pupitres : soprano, alto, t\u00e9nor et basse. Un membre de chaque pupitre est d\u00e9sign\u00e9 chef de pupitre et fait partie du comit\u00e9 musical avec le directeur musical ainsi que le pianiste &#8230; <a title=\"Membres\" class=\"read-more\" href=\"https:\/\/lesloriots.ca\/Wordpress\/membres\/\" aria-label=\"En savoir plus sur Membres\">Read more<\/a><\/p>\n","protected":false},"author":1,"featured_media":0,"parent":0,"menu_order":5,"comment_status":"closed","ping_status":"closed","template":"","meta":{"generate_page_header":"","footnotes":""},"class_list":["post-153","page","type-page","status-publish"],"_links":{"self":[{"href":"https:\/\/lesloriots.ca\/Wordpress\/wp-json\/wp\/v2\/pages\/153","targetHints":{"allow":["GET"]}}],"collection":[{"href":"https:\/\/lesloriots.ca\/Wordpress\/wp-json\/wp\/v2\/pages"}],"about":[{"href":"https:\/\/lesloriots.ca\/Wordpress\/wp-json\/wp\/v2\/types\/page"}],"author":[{"embeddable":true,"href":"https:\/\/lesloriots.ca\/Wordpress\/wp-json\/wp\/v2\/users\/1"}],"replies":[{"embeddable":true,"href":"https:\/\/lesloriots.ca\/Wordpress\/wp-json\/wp\/v2\/comments?post=153"}],"version-history":[{"count":20,"href":"https:\/\/lesloriots.ca\/Wordpress\/wp-json\/wp\/v2\/pages\/153\/revisions"}],"predecessor-version":[{"id":6357,"href":"https:\/\/lesloriots.ca\/Wordpress\/wp-json\/wp\/v2\/pages\/153\/revisions\/6357"}],"wp:attachment":[{"href":"https:\/\/lesloriots.ca\/Wordpress\/wp-json\/wp\/v2\/media?parent=153"}],"curies":[{"name":"wp","href":"https:\/\/api.w.org\/{rel}","templated":true}]}}