{"id":111,"date":"2016-08-30T14:17:25","date_gmt":"2016-08-30T18:17:25","guid":{"rendered":"http:\/\/lesloriots.ca\/Wordpress\/?page_id=111"},"modified":"2026-03-03T18:38:25","modified_gmt":"2026-03-03T23:38:25","slug":"repertoire","status":"publish","type":"page","link":"https:\/\/lesloriots.ca\/Wordpress\/repertoire\/","title":{"rendered":"R\u00e9pertoire"},"content":{"rendered":"<p>Le r\u00e9pertoire musical du <i>Groupe vocal Les Loriots<\/i>\u00a0est tr\u00e8s int\u00e9ressant et vari\u00e9, car il se base sur les suggestions de ses choristes, passionn\u00e9s de musique de tous genres. Au printemps, le concert populaire se d\u00e9marque par une s\u00e9lection m\u00e9ticuleuse de chansons rythm\u00e9es et accrocheuses. Le programme transcende les barri\u00e8res d&rsquo;\u00e2ge et de fronti\u00e8res, offrant une palette musicale vari\u00e9e, passant de ballades iconiques \u00e0 des morceaux rythm\u00e9s, du blues au jazz, du rock au gospel, d&rsquo;extraits de com\u00e9dies musicales \u00e0 des medleys d\u2019artistes bien connus. Ann\u00e9e apr\u00e8s ann\u00e9e, le r\u00e9pertoire s&rsquo;enrichit de chansons qu\u00e9b\u00e9coises et fran\u00e7aises, des <i>hits<\/i> de l\u2019heure et des classiques ind\u00e9modables des derni\u00e8res ann\u00e9es. Le Groupe vocal Les Loriots propose ainsi une exp\u00e9rience musicale unique, o\u00f9 chaque chanson apporte sa valeur au spectacle. (Voir : <a href=\"https:\/\/lesloriots.ca\/Wordpress\/wp-content\/uploads\/2026\/01\/Programmes-printanier-depuis-2017.pdf\" target=\"_blank\" rel=\"noopener\">Programmes printaniers depuis 2017<\/a>)<\/p>\n<p>Le concert de No\u00ebl pour sa part est compos\u00e9 de chants traditionnels religieux ou populaires, avec une incursion chez les grands classiques.\u00a0 (Voir : <a href=\"https:\/\/lesloriots.ca\/Wordpress\/wp-content\/uploads\/2026\/01\/Programmes-de-Noel-depuis-2018.pdf\" target=\"_blank\" rel=\"noopener\">Programmes de No\u00ebl depuis 2018<\/a>)<\/p>\n<p>Dans le r\u00e9pertoire du groupe vocal, la musique profane fait r\u00e9guli\u00e8rement place \u00e0 la musique d&rsquo;inspiration sacr\u00e9e ou religieuse. Ainsi <em>La messe qu\u00e9b\u00e9coise <\/em>de Pierick Houdy est maintenue au r\u00e9pertoire et interpr\u00e9t\u00e9e en juin de chaque ann\u00e9e, lors de la c\u00e9l\u00e9bration de la messe de la Saint-Jean-Baptiste, \u00e0 l\u2019\u00e9glise Saint-F\u00e9lix-de-Cap-Rouge.<\/p>\n\n\n<p><\/p>\n","protected":false},"excerpt":{"rendered":"<p>Le r\u00e9pertoire musical du Groupe vocal Les Loriots\u00a0est tr\u00e8s int\u00e9ressant et vari\u00e9, car il se base sur les suggestions de ses choristes, passionn\u00e9s de musique de tous genres. Au printemps, le concert populaire se d\u00e9marque par une s\u00e9lection m\u00e9ticuleuse de chansons rythm\u00e9es et accrocheuses. Le programme transcende les barri\u00e8res d&rsquo;\u00e2ge et de fronti\u00e8res, offrant une &#8230; <a title=\"R\u00e9pertoire\" class=\"read-more\" href=\"https:\/\/lesloriots.ca\/Wordpress\/repertoire\/\" aria-label=\"En savoir plus sur R\u00e9pertoire\">Read more<\/a><\/p>\n","protected":false},"author":1,"featured_media":0,"parent":0,"menu_order":2,"comment_status":"closed","ping_status":"closed","template":"","meta":{"generate_page_header":"","footnotes":""},"class_list":["post-111","page","type-page","status-publish"],"_links":{"self":[{"href":"https:\/\/lesloriots.ca\/Wordpress\/wp-json\/wp\/v2\/pages\/111","targetHints":{"allow":["GET"]}}],"collection":[{"href":"https:\/\/lesloriots.ca\/Wordpress\/wp-json\/wp\/v2\/pages"}],"about":[{"href":"https:\/\/lesloriots.ca\/Wordpress\/wp-json\/wp\/v2\/types\/page"}],"author":[{"embeddable":true,"href":"https:\/\/lesloriots.ca\/Wordpress\/wp-json\/wp\/v2\/users\/1"}],"replies":[{"embeddable":true,"href":"https:\/\/lesloriots.ca\/Wordpress\/wp-json\/wp\/v2\/comments?post=111"}],"version-history":[{"count":43,"href":"https:\/\/lesloriots.ca\/Wordpress\/wp-json\/wp\/v2\/pages\/111\/revisions"}],"predecessor-version":[{"id":6408,"href":"https:\/\/lesloriots.ca\/Wordpress\/wp-json\/wp\/v2\/pages\/111\/revisions\/6408"}],"wp:attachment":[{"href":"https:\/\/lesloriots.ca\/Wordpress\/wp-json\/wp\/v2\/media?parent=111"}],"curies":[{"name":"wp","href":"https:\/\/api.w.org\/{rel}","templated":true}]}}